{"id":3,"date":"2021-04-30T15:19:22","date_gmt":"2021-04-30T15:19:22","guid":{"rendered":"http:\/\/pulpscience.de\/?page_id=3"},"modified":"2022-01-23T22:57:40","modified_gmt":"2022-01-23T21:57:40","slug":"privacy-policy","status":"publish","type":"page","link":"https:\/\/pulpscience.de\/de\/privacy-policy\/","title":{"rendered":"Datenschutz"},"content":{"rendered":"<h2 class=\"wp-block-heading\">Wer wir sind<\/h2>\n\n\n\n<p>Die Website https:\/\/www.pulpscience.de wird betrieben von Herrn Christoph Wagner, wohnhaft Kerpener Str. 41b, 50937 K\u00f6ln, Deutschland. Die Website dient dem Zwecke der Informationsvermittlung, Kommunikation und Dokumentation f\u00fcr die Betreibenden, Beitragenden und alle Besuchenden.<\/p>\n\n\n\n<h2 class=\"wp-block-heading\">Kommentare<\/h2>\n\n\n\n<p>Wie speichern die Daten in ausgef\u00fcllten Kommentarformularen, sowie die IP-Adresse und Browser User Agent Strings der Kommentierenden zur Identifikation von Spam.<\/p>\n\n\n\n<p>Ein anonymisierter String aus Ihrer E-mail Adresse (auch 'hash' genannt) wird potentiell dem Gravatar Service zur Verf\u00fcgung gestellt, um zu \u00fcberpr\u00fcfen, ob Sie ihn benutzen. Die Datenschutzbestimmungen des Gravatar Services finden Sie unter https:\/\/automattic.com\/privacy\/. Nach Zulassung Ihres Kommentars wird Ihr Profilbild mit ihrem Kommentar \u00f6ffentlich sichtbar sein.<\/p>\n\n\n\n<h2 class=\"wp-block-heading\">Medien<\/h2>\n\n\n\n<p>Medien, die Sie auf dieser Website hochladen sollten keine Lokalisierungsdaten (EXIF GPS) enthalten. Websitebesuchende k\u00f6nnen diese Bilder downloaden und die enthaltenen Lokalisierungsdaten extrahieren.<\/p>\n\n\n\n<h2 class=\"wp-block-heading\">Cookies<\/h2>\n\n\n\n<p>Wenn Sie Kommentare hinterlassen, k\u00f6nnen Sie der Speicherung von Name, E-mail Adresse und Website mit Cookies zustimmen. Diese dienen der vereinfachten Interaktion, damit die gespeicherten Daten nicht f\u00fcr jeden Kommentar neu eingegeben werden m\u00fcssen. Die Cookies werden ein Jahr lang gespeichert.<\/p>\n\n\n\n<p>Bei Besuch der Login-Seite wird ein tempor\u00e4rer Cookie eingesetzt, um zu \u00fcberpr\u00fcfen, ob Ihr Browser Cookies akzeptiert. Dieser enth\u00e4lt keine pers\u00f6nlichen Daten und wird gel\u00f6scht, sobald Sie den Browser schlie\u00dfen.<\/p>\n\n\n\n<p>Bei Login werden Cookies eingesetzt, um Ihre Login-Informationen und Darstellungspr\u00e4ferenzen zu speichern. Login-Cookies werden nach zwei Tagen gel\u00f6scht, Darstellungscookies nach einem Jahr. Bei Auswahl der \"Remember me\" Option werden die Login-Cookies f\u00fcr zwei Wochen gespeichert. Bei Logout werden die Login-Cookies gel\u00f6scht.<\/p>\n\n\n\n<p>Bei Bearbeitung oder Publikation eines Beitrags wird ein zus\u00e4tzlicher Cookies in Ihrem Browser gespeichert. Dieser enth\u00e4lt keine pers\u00f6nlichen Daten, sondern die ID des Beitrags. Er wird nach einem Tag gel\u00f6scht.<\/p>\n\n\n\n<h2 class=\"wp-block-heading\">Eingebettete Inhalte anderer Websites<\/h2>\n\n\n\n<p>Auf dieser Website publizierte Beitr\u00e4ge zeigen m\u00f6glicherweise eingebettete Inhalte anderer Websites. Diese Inhalte verhalten sich auf gleiche Art und Weise, wie an ihrem Herkunftsort.<\/p>\n\n\n\n<p>Die externen Websites k\u00f6nnen Daten \u00fcber Sie sammeln, Cookies einsetzen, zus\u00e4tzliche Drittanbieter-Verfolgung anwenden und Ihre Interaktion mit den eingebetteten Inhalten beobachten, einschlie\u00dflich der Verfolgung Ihrer Interaktionen mit den Inhalten, falls Sie auf der externen Website ein Konto haben und angemeldet sind.<\/p>\n\n\n\n<h2 class=\"wp-block-heading\">Mit wem wir Ihre Daten teilen<\/h2>\n\n\n\n<p>Falls Sie die Zur\u00fccksetzung Ihres Passworts anfordern, wird die Reset-Mail Ihre IP-Adresse beinhalten.<\/p>\n\n\n\n<h2 class=\"wp-block-heading\">Wie lange wir Ihre Daten aufbewahren<\/h2>\n\n\n\n<p>Kommentare und damit verbundene Metadaten werden auf unbestimmte Zeit gespeichert. Dadurch k\u00f6nnen darauffolgende Kommentare automatisch erkannt und zugelassen werden.<\/p>\n\n\n\n<p>Die pers\u00f6nlichen Daten, die bei Anmeldung auf dieser Website angegeben werden, werden bis auf Weiteres gespeichert. Bis auf den Benutzernamen k\u00f6nnen Benutzer ihre Daten jederzeit einsehen, bearbeiten oder l\u00f6schen. Administratoren k\u00f6nnen ebenfalls Benutzerinformationen einsehen und bearbeiten.<\/p>\n\n\n\n<h2 class=\"wp-block-heading\">Welche Rechte Sie an Ihren Daten haben<\/h2>\n\n\n\n<p>Falls Sie ein Konto auf dieser Website, oder Kommentare hinterlassen haben, k\u00f6nnen Sie eine Zusammenfassung aller \u00fcber Sie aufbewahrten Daten einfordern. Sie haben ebenfalls das Recht, alle Ihre pers\u00f6nlichen Daten l\u00f6schen zu lassen. Letzteres trifft nicht auf Daten zu, die wir aus administrativen, rechtlichen oder sichterheitsbedingten Gr\u00fcnden behalten m\u00fcssen.<\/p>\n\n\n\n<h2 class=\"wp-block-heading\">Wohin wir Ihre Daten schicken<\/h2>\n\n\n\n<p>Kommentare werden m\u00f6glicherweise durch einen automatischen Spam Filter geschickt.<\/p>","protected":false},"excerpt":{"rendered":"<p>Who we are Our website address is: https:\/\/www.pulpscience.de, run by Mr. Christoph Wagner, resident Kerpener Str. 41b, 50937 Cologne, Germany. We are running this website for information, communication and documentation purposes for ourselves and everyone who visits the website. Comments When visitors leave comments on the site we collect the data shown in the comments [&hellip;]<\/p>\n","protected":false},"author":1,"featured_media":0,"parent":0,"menu_order":0,"comment_status":"closed","ping_status":"open","template":"","meta":{"footnotes":""},"class_list":["post-3","page","type-page","status-publish","hentry"],"_links":{"self":[{"href":"https:\/\/pulpscience.de\/de\/wp-json\/wp\/v2\/pages\/3","targetHints":{"allow":["GET"]}}],"collection":[{"href":"https:\/\/pulpscience.de\/de\/wp-json\/wp\/v2\/pages"}],"about":[{"href":"https:\/\/pulpscience.de\/de\/wp-json\/wp\/v2\/types\/page"}],"author":[{"embeddable":true,"href":"https:\/\/pulpscience.de\/de\/wp-json\/wp\/v2\/users\/1"}],"replies":[{"embeddable":true,"href":"https:\/\/pulpscience.de\/de\/wp-json\/wp\/v2\/comments?post=3"}],"version-history":[{"count":2,"href":"https:\/\/pulpscience.de\/de\/wp-json\/wp\/v2\/pages\/3\/revisions"}],"predecessor-version":[{"id":330,"href":"https:\/\/pulpscience.de\/de\/wp-json\/wp\/v2\/pages\/3\/revisions\/330"}],"wp:attachment":[{"href":"https:\/\/pulpscience.de\/de\/wp-json\/wp\/v2\/media?parent=3"}],"curies":[{"name":"wp","href":"https:\/\/api.w.org\/{rel}","templated":true}]}}