{"id":37,"date":"2021-05-05T17:14:38","date_gmt":"2021-05-05T17:14:38","guid":{"rendered":"http:\/\/pulpscience.de\/?page_id=37"},"modified":"2022-08-16T06:22:01","modified_gmt":"2022-08-16T05:22:01","slug":"about","status":"publish","type":"page","link":"https:\/\/pulpscience.de\/de\/about\/","title":{"rendered":"\u00dcber uns"},"content":{"rendered":"<p>Verstehe mich bitte nicht falsch: ich bin sicher, dass Pulp Fiction ein gro\u00dfartiger Film ist (obgleich ich ihn nie gesehen habe). Es ist aber einfach Fakt, dass er nach einem literarischen Medium geringer Qualit\u00e4t benannt ist, das f\u00fcr ein breites Publikum produziert wird. Und das, w\u00e4hrend die Literatur selbst als Konzept wohl nur schwerlich an Intellektualit\u00e4t und Klasse \u00fcbertroffen werden kann.<\/p>\n\n\n\n<p>Was ist also pulp science? Nun, stelle dir vor, du h\u00e4ttest die M\u00f6glichkeit, jungen Wissenschaftlerinnen und Wissenschaftlern in den Kopf schauen und ihre Gedanken verfolgen zu k\u00f6nnen. Du k\u00f6nntest etwas \u00fcber die Herausforderungen dieses kompetitiven Berufs erfahren, dar\u00fcber wie er die jungen Menschen auch in ihrem Alltag pr\u00e4gt und was sie an ihrer Profession so fasziniert. Erwarte aber bitte keine polierten und qualit\u00e4tskontrollierten Publikationen. Gedanken sind daf\u00fcr viel zu unzuverl\u00e4ssig. Und verliere dich auch nicht in diesen Abgr\u00fcnden... man wei\u00df nie, was dort lauert.<\/p>\n\n\n\n<p class=\"has-text-align-left has-primary-background-color has-background\" style=\"font-size:16px\"><strong>Beitr\u00e4ge auf dieser Webseite stellen individuelle Einblicke dar und enthalten m\u00f6glicherweise pers\u00f6nliche Meinungen. Wir legen Wert darauf, die Korrektheit der vermittelten Informationen sicherzustellen, allerdings reflektieren die Beitr\u00e4ge den momentanen wissenschaftlichen Kenntnisstand nicht notwendigerweise vollst\u00e4ndig oder einwandfrei. Dargelegte Konzepte wurden eventuell stark simplifiziert. Falls \u00fcber die Inhalte hinaus Interesse an den Beitr\u00e4gen besteht, setzen Sie sich gerne \u00fcber die Kommentare oder das Kontaktformular mit uns in Verbindung. M\u00f6glicherweise k\u00f6nnen wir mehr Details liefern, Ressourcen bereitstellen oder an Experten verweisen.<\/strong><\/p>\n\n\n\n<h2 class=\"wp-block-heading\" id=\"amateurScientists\">Die Sonntagsforschenden sind:<\/h2>\n\n\n\n<div class=\"wp-block-columns is-layout-flex wp-container-core-columns-is-layout-9d6595d7 wp-block-columns-is-layout-flex\">\n<div class=\"wp-block-column is-layout-flow wp-block-column-is-layout-flow\" style=\"flex-basis:33.33%\">\n<figure class=\"wp-block-image size-full is-style-rounded\"><img loading=\"lazy\" decoding=\"async\" width=\"1715\" height=\"1724\" src=\"http:\/\/pulpscience.de\/wp-content\/uploads\/2022\/01\/DSC_0055-edited.jpg\" alt=\"\" class=\"wp-image-176\" srcset=\"https:\/\/pulpscience.de\/wp-content\/uploads\/2022\/01\/DSC_0055-edited.jpg 1715w, https:\/\/pulpscience.de\/wp-content\/uploads\/2022\/01\/DSC_0055-edited-298x300.jpg 298w, https:\/\/pulpscience.de\/wp-content\/uploads\/2022\/01\/DSC_0055-edited-1019x1024.jpg 1019w, https:\/\/pulpscience.de\/wp-content\/uploads\/2022\/01\/DSC_0055-edited-150x150.jpg 150w, https:\/\/pulpscience.de\/wp-content\/uploads\/2022\/01\/DSC_0055-edited-768x772.jpg 768w, https:\/\/pulpscience.de\/wp-content\/uploads\/2022\/01\/DSC_0055-edited-1528x1536.jpg 1528w, https:\/\/pulpscience.de\/wp-content\/uploads\/2022\/01\/DSC_0055-edited-1200x1206.jpg 1200w\" sizes=\"auto, (max-width: 1715px) 100vw, 1715px\" \/><figcaption>Christoph Wagner<\/figcaption><\/figure>\n<\/div>\n\n\n\n<div class=\"wp-block-column is-layout-flow wp-block-column-is-layout-flow\" style=\"flex-basis:66.66%\">\n<p>Ein Spitzname sollte eine Person auch beschreiben, richtig? So gesehen hat die Kollegin, die mich einst einen 'tough rookie' nannte, ins Schwarze getroffen. Ich tue gerne so, als w\u00fcsste ich eine Menge, dabei ist das Gegenteil der Fall und trotzdem schummele ich mich irgendwie \u00fcberall hindurch. Wenn ich mich in einer wissenschaftlichen Disziplin auskenne, dann in der Synthetischen Biologie, die Thema meiner Bachelor- und Masterarbeit war. Momentan bin ich ein frischer und unverbrauchter PhD Student in Edinburgh, Schottland, der versucht, irgendwie synthetische Zellen zu bauen. Falls ich mal nicht im Labor bin, findet man mich beim Schreinern, Geschichteschreiben oder beim Laufen ... irgendwohin.<\/p>\n<\/div>\n<\/div>\n\n\n\n<div class=\"wp-block-columns is-layout-flex wp-container-core-columns-is-layout-9d6595d7 wp-block-columns-is-layout-flex\">\n<div class=\"wp-block-column is-layout-flow wp-block-column-is-layout-flow\" style=\"flex-basis:66.66%\">\n<p>Everything is interesting to me, somehow. Natural sciences (except chemistry, sorry), mathematics, philosophy, music, politics, art, you name it. I ended up studying physics and that will reflect in my blog posts on pulp science. On paper, I specialise in quantum information theory, but actually, I&#8217;m fascinated by almost anything related to theoretical and computational physics and informatics. If not scratching my head over some calculation or piece of code, you will probably find me reading random papers, writing jazzy pieces of music or sitting in a bar\/cafe somewhere. <\/p>\n<\/div>\n\n\n\n<div class=\"wp-block-column is-layout-flow wp-block-column-is-layout-flow\" style=\"flex-basis:33.33%\">\n<figure class=\"wp-block-image size-large is-style-rounded\"><img loading=\"lazy\" decoding=\"async\" width=\"795\" height=\"795\" src=\"https:\/\/pulpscience.de\/wp-content\/uploads\/2022\/08\/daniel-edited-2.jpg\" alt=\"\" class=\"wp-image-571\" srcset=\"https:\/\/pulpscience.de\/wp-content\/uploads\/2022\/08\/daniel-edited-2.jpg 795w, https:\/\/pulpscience.de\/wp-content\/uploads\/2022\/08\/daniel-edited-2-300x300.jpg 300w, https:\/\/pulpscience.de\/wp-content\/uploads\/2022\/08\/daniel-edited-2-150x150.jpg 150w, https:\/\/pulpscience.de\/wp-content\/uploads\/2022\/08\/daniel-edited-2-768x768.jpg 768w, https:\/\/pulpscience.de\/wp-content\/uploads\/2022\/08\/daniel-edited-2-12x12.jpg 12w\" sizes=\"auto, (max-width: 795px) 100vw, 795px\" \/><figcaption>Daniel Simm<\/figcaption><\/figure>\n<\/div>\n<\/div>\n\n\n\n<p><\/p>","protected":false},"excerpt":{"rendered":"<p>Don&#8217;t get me wrong, I&#8217;m sure that Pulp Fiction is a fantastic movie (although I have never watched it). But it&#8217;s just a fact that it is named after a literary medium of low quality that is made for a broad audience. All the while, literature as a whole must be one of the purest, [&hellip;]<\/p>\n","protected":false},"author":1,"featured_media":0,"parent":0,"menu_order":0,"comment_status":"closed","ping_status":"closed","template":"","meta":{"footnotes":""},"class_list":["post-37","page","type-page","status-publish","hentry"],"_links":{"self":[{"href":"https:\/\/pulpscience.de\/de\/wp-json\/wp\/v2\/pages\/37","targetHints":{"allow":["GET"]}}],"collection":[{"href":"https:\/\/pulpscience.de\/de\/wp-json\/wp\/v2\/pages"}],"about":[{"href":"https:\/\/pulpscience.de\/de\/wp-json\/wp\/v2\/types\/page"}],"author":[{"embeddable":true,"href":"https:\/\/pulpscience.de\/de\/wp-json\/wp\/v2\/users\/1"}],"replies":[{"embeddable":true,"href":"https:\/\/pulpscience.de\/de\/wp-json\/wp\/v2\/comments?post=37"}],"version-history":[{"count":23,"href":"https:\/\/pulpscience.de\/de\/wp-json\/wp\/v2\/pages\/37\/revisions"}],"predecessor-version":[{"id":576,"href":"https:\/\/pulpscience.de\/de\/wp-json\/wp\/v2\/pages\/37\/revisions\/576"}],"wp:attachment":[{"href":"https:\/\/pulpscience.de\/de\/wp-json\/wp\/v2\/media?parent=37"}],"curies":[{"name":"wp","href":"https:\/\/api.w.org\/{rel}","templated":true}]}}